{"id":2078,"date":"2026-02-18T10:38:59","date_gmt":"2026-02-18T10:38:59","guid":{"rendered":"https:\/\/pasteurclinique.com\/conciergerie-medicale\/patient-senegalais\/"},"modified":"2026-02-18T16:37:35","modified_gmt":"2026-02-18T16:37:35","slug":"patient-senegalais","status":"publish","type":"page","link":"https:\/\/pasteurclinique.com\/en\/formulaires-patients\/patient-senegalais\/","title":{"rendered":"Formulaire Patient S\u00e9n\u00e9galais"},"content":{"rendered":"\t\t<div data-elementor-type=\"wp-page\" data-elementor-id=\"2078\" class=\"elementor elementor-2078 elementor-bc-flex-widget\" data-elementor-post-type=\"page\">\n\t\t\t\t\t\t<section class=\"elementor-section elementor-top-section elementor-element elementor-element-formsn1 elementor-section-full_width elementor-section-height-default elementor-section-height-default\" data-id=\"formsn1\" data-element_type=\"section\" data-e-type=\"section\">\n\t\t\t\t\t\t<div class=\"elementor-container elementor-column-gap-default\">\n\t\t\t\t\t<div class=\"elementor-column elementor-col-100 elementor-top-column elementor-element elementor-element-formsn1col\" data-id=\"formsn1col\" data-element_type=\"column\" data-e-type=\"column\">\n\t\t\t<div class=\"elementor-widget-wrap elementor-element-populated\">\n\t\t\t\t\t\t<div class=\"elementor-element elementor-element-formsn1hd elementor-widget elementor-widget-heading\" data-id=\"formsn1hd\" data-element_type=\"widget\" data-e-type=\"widget\" data-widget_type=\"heading.default\">\n\t\t\t\t<div class=\"elementor-widget-container\">\n\t\t\t\t\t<h2 class=\"elementor-heading-title elementor-size-default\">Demande de consultation \u2014 Patient S\u00e9n\u00e9galais<\/h2>\t\t\t\t<\/div>\n\t\t\t\t<\/div>\n\t\t\t\t<div class=\"elementor-element elementor-element-formsn1txt elementor-widget elementor-widget-text-editor\" data-id=\"formsn1txt\" data-element_type=\"widget\" data-e-type=\"widget\" data-widget_type=\"text-editor.default\">\n\t\t\t\t<div class=\"elementor-widget-container\">\n\t\t\t\t\t\t\t\t\t<p>Bienvenue \u00e0 la Clinique Pasteur de Dakar. Remplissez le formulaire ci-dessous pour prendre rendez-vous ou demander une consultation avec nos sp\u00e9cialistes. Notre \u00e9quipe vous recontactera rapidement pour confirmer votre rendez-vous.<\/p>\t\t\t\t\t\t\t\t<\/div>\n\t\t\t\t<\/div>\n\t\t\t\t<div class=\"elementor-element elementor-element-formsn1sc elementor-widget elementor-widget-shortcode\" data-id=\"formsn1sc\" data-element_type=\"widget\" data-e-type=\"widget\" data-widget_type=\"shortcode.default\">\n\t\t\t\t<div class=\"elementor-widget-container\">\n\t\t\t\t\t\t\t<div class=\"elementor-shortcode\">[formulaire_patient_senegalais]<\/div>\n\t\t\t\t\t\t<\/div>\n\t\t\t\t<\/div>\n\t\t\t\t\t<\/div>\n\t\t<\/div>\n\t\t\t\t\t<\/div>\n\t\t<\/section>\n\t\t\t\t<\/div>\n\t\t","protected":false},"excerpt":{"rendered":"<p>Demande de consultation \u2014 Patient S\u00e9n\u00e9galais Bienvenue \u00e0 la Clinique Pasteur de Dakar. Remplissez le formulaire ci-dessous pour prendre rendez-vous ou demander une consultation avec nos sp\u00e9cialistes. Notre \u00e9quipe vous recontactera rapidement pour confirmer votre rendez-vous. [formulaire_patient_senegalais]<\/p>\n","protected":false},"author":1,"featured_media":0,"parent":2076,"menu_order":0,"comment_status":"closed","ping_status":"closed","template":"","meta":{"_monsterinsights_skip_tracking":false,"_monsterinsights_sitenote_active":false,"_monsterinsights_sitenote_note":"","_monsterinsights_sitenote_category":0,"footnotes":""},"class_list":["post-2078","page","type-page","status-publish","hentry"],"yoast_head":"<!-- This site is optimized with the Yoast SEO plugin v27.3 - https:\/\/yoast.com\/product\/yoast-seo-wordpress\/ -->\n<title>Demande de Consultation | Patient S\u00e9n\u00e9galais | Clinique Pasteur Dakar<\/title>\n<meta name=\"description\" content=\"Prenez rendez-vous en ligne \u00e0 la Clinique Pasteur de Dakar. Formulaire de demande pour patients s\u00e9n\u00e9galais. Assurances, IPM, mutuelles accept\u00e9es.\" \/>\n<meta name=\"robots\" content=\"index, follow, max-snippet:-1, max-image-preview:large, max-video-preview:-1\" \/>\n<link rel=\"canonical\" href=\"https:\/\/pasteurclinique.com\/en\/formulaires-patients\/patient-senegalais\/\" \/>\n<meta property=\"og:locale\" content=\"en_US\" \/>\n<meta property=\"og:type\" content=\"article\" \/>\n<meta property=\"og:title\" content=\"Demande de Consultation | Patient S\u00e9n\u00e9galais | Clinique Pasteur Dakar\" \/>\n<meta property=\"og:description\" content=\"Prenez rendez-vous en ligne \u00e0 la Clinique Pasteur de Dakar. Formulaire de demande pour patients s\u00e9n\u00e9galais. Assurances, IPM, mutuelles accept\u00e9es.\" \/>\n<meta property=\"og:url\" content=\"https:\/\/pasteurclinique.com\/en\/formulaires-patients\/patient-senegalais\/\" \/>\n<meta property=\"og:site_name\" content=\"Clinique Pasteur\" \/>\n<meta property=\"article:modified_time\" content=\"2026-02-18T16:37:35+00:00\" \/>\n<meta name=\"twitter:card\" content=\"summary_large_image\" \/>\n<script type=\"application\/ld+json\" class=\"yoast-schema-graph\">{\"@context\":\"https:\\\/\\\/schema.org\",\"@graph\":[{\"@type\":\"WebPage\",\"@id\":\"https:\\\/\\\/pasteurclinique.com\\\/formulaires-patients\\\/patient-senegalais\\\/\",\"url\":\"https:\\\/\\\/pasteurclinique.com\\\/formulaires-patients\\\/patient-senegalais\\\/\",\"name\":\"Demande de Consultation | Patient S\u00e9n\u00e9galais | Clinique Pasteur Dakar\",\"isPartOf\":{\"@id\":\"https:\\\/\\\/pasteurclinique.com\\\/#website\"},\"datePublished\":\"2026-02-18T10:38:59+00:00\",\"dateModified\":\"2026-02-18T16:37:35+00:00\",\"description\":\"Prenez rendez-vous en ligne \u00e0 la Clinique Pasteur de Dakar. Formulaire de demande pour patients s\u00e9n\u00e9galais. Assurances, IPM, mutuelles accept\u00e9es.\",\"breadcrumb\":{\"@id\":\"https:\\\/\\\/pasteurclinique.com\\\/formulaires-patients\\\/patient-senegalais\\\/#breadcrumb\"},\"inLanguage\":\"en-US\",\"potentialAction\":[{\"@type\":\"ReadAction\",\"target\":[\"https:\\\/\\\/pasteurclinique.com\\\/formulaires-patients\\\/patient-senegalais\\\/\"]}]},{\"@type\":\"BreadcrumbList\",\"@id\":\"https:\\\/\\\/pasteurclinique.com\\\/formulaires-patients\\\/patient-senegalais\\\/#breadcrumb\",\"itemListElement\":[{\"@type\":\"ListItem\",\"position\":1,\"name\":\"Accueil\",\"item\":\"https:\\\/\\\/pasteurclinique.com\\\/\"},{\"@type\":\"ListItem\",\"position\":2,\"name\":\"Formulaires Patients\",\"item\":\"https:\\\/\\\/pasteurclinique.com\\\/formulaires-patients\\\/\"},{\"@type\":\"ListItem\",\"position\":3,\"name\":\"Formulaire Patient S\u00e9n\u00e9galais\"}]},{\"@type\":\"WebSite\",\"@id\":\"https:\\\/\\\/pasteurclinique.com\\\/#website\",\"url\":\"https:\\\/\\\/pasteurclinique.com\\\/\",\"name\":\"Clinique Pasteur\",\"description\":\"\",\"potentialAction\":[{\"@type\":\"SearchAction\",\"target\":{\"@type\":\"EntryPoint\",\"urlTemplate\":\"https:\\\/\\\/pasteurclinique.com\\\/?s={search_term_string}\"},\"query-input\":{\"@type\":\"PropertyValueSpecification\",\"valueRequired\":true,\"valueName\":\"search_term_string\"}}],\"inLanguage\":\"en-US\"}]}<\/script>\n<!-- \/ Yoast SEO plugin. -->","yoast_head_json":{"title":"Demande de Consultation | Patient S\u00e9n\u00e9galais | Clinique Pasteur Dakar","description":"Prenez rendez-vous en ligne \u00e0 la Clinique Pasteur de Dakar. Formulaire de demande pour patients s\u00e9n\u00e9galais. Assurances, IPM, mutuelles accept\u00e9es.","robots":{"index":"index","follow":"follow","max-snippet":"max-snippet:-1","max-image-preview":"max-image-preview:large","max-video-preview":"max-video-preview:-1"},"canonical":"https:\/\/pasteurclinique.com\/en\/formulaires-patients\/patient-senegalais\/","og_locale":"en_US","og_type":"article","og_title":"Demande de Consultation | Patient S\u00e9n\u00e9galais | Clinique Pasteur Dakar","og_description":"Prenez rendez-vous en ligne \u00e0 la Clinique Pasteur de Dakar. Formulaire de demande pour patients s\u00e9n\u00e9galais. Assurances, IPM, mutuelles accept\u00e9es.","og_url":"https:\/\/pasteurclinique.com\/en\/formulaires-patients\/patient-senegalais\/","og_site_name":"Clinique Pasteur","article_modified_time":"2026-02-18T16:37:35+00:00","twitter_card":"summary_large_image","schema":{"@context":"https:\/\/schema.org","@graph":[{"@type":"WebPage","@id":"https:\/\/pasteurclinique.com\/formulaires-patients\/patient-senegalais\/","url":"https:\/\/pasteurclinique.com\/formulaires-patients\/patient-senegalais\/","name":"Demande de Consultation | Patient S\u00e9n\u00e9galais | Clinique Pasteur Dakar","isPartOf":{"@id":"https:\/\/pasteurclinique.com\/#website"},"datePublished":"2026-02-18T10:38:59+00:00","dateModified":"2026-02-18T16:37:35+00:00","description":"Prenez rendez-vous en ligne \u00e0 la Clinique Pasteur de Dakar. Formulaire de demande pour patients s\u00e9n\u00e9galais. Assurances, IPM, mutuelles accept\u00e9es.","breadcrumb":{"@id":"https:\/\/pasteurclinique.com\/formulaires-patients\/patient-senegalais\/#breadcrumb"},"inLanguage":"en-US","potentialAction":[{"@type":"ReadAction","target":["https:\/\/pasteurclinique.com\/formulaires-patients\/patient-senegalais\/"]}]},{"@type":"BreadcrumbList","@id":"https:\/\/pasteurclinique.com\/formulaires-patients\/patient-senegalais\/#breadcrumb","itemListElement":[{"@type":"ListItem","position":1,"name":"Accueil","item":"https:\/\/pasteurclinique.com\/"},{"@type":"ListItem","position":2,"name":"Formulaires Patients","item":"https:\/\/pasteurclinique.com\/formulaires-patients\/"},{"@type":"ListItem","position":3,"name":"Formulaire Patient S\u00e9n\u00e9galais"}]},{"@type":"WebSite","@id":"https:\/\/pasteurclinique.com\/#website","url":"https:\/\/pasteurclinique.com\/","name":"Clinique Pasteur","description":"","potentialAction":[{"@type":"SearchAction","target":{"@type":"EntryPoint","urlTemplate":"https:\/\/pasteurclinique.com\/?s={search_term_string}"},"query-input":{"@type":"PropertyValueSpecification","valueRequired":true,"valueName":"search_term_string"}}],"inLanguage":"en-US"}]}},"_links":{"self":[{"href":"https:\/\/pasteurclinique.com\/en\/wp-json\/wp\/v2\/pages\/2078","targetHints":{"allow":["GET"]}}],"collection":[{"href":"https:\/\/pasteurclinique.com\/en\/wp-json\/wp\/v2\/pages"}],"about":[{"href":"https:\/\/pasteurclinique.com\/en\/wp-json\/wp\/v2\/types\/page"}],"author":[{"embeddable":true,"href":"https:\/\/pasteurclinique.com\/en\/wp-json\/wp\/v2\/users\/1"}],"replies":[{"embeddable":true,"href":"https:\/\/pasteurclinique.com\/en\/wp-json\/wp\/v2\/comments?post=2078"}],"version-history":[{"count":2,"href":"https:\/\/pasteurclinique.com\/en\/wp-json\/wp\/v2\/pages\/2078\/revisions"}],"predecessor-version":[{"id":2090,"href":"https:\/\/pasteurclinique.com\/en\/wp-json\/wp\/v2\/pages\/2078\/revisions\/2090"}],"up":[{"embeddable":true,"href":"https:\/\/pasteurclinique.com\/en\/wp-json\/wp\/v2\/pages\/2076"}],"wp:attachment":[{"href":"https:\/\/pasteurclinique.com\/en\/wp-json\/wp\/v2\/media?parent=2078"}],"curies":[{"name":"wp","href":"https:\/\/api.w.org\/{rel}","templated":true}]}}