{"id":2077,"date":"2026-02-18T10:38:59","date_gmt":"2026-02-18T10:38:59","guid":{"rendered":"https:\/\/pasteurclinique.com\/conciergerie-medicale\/patient-international\/"},"modified":"2026-02-18T16:37:07","modified_gmt":"2026-02-18T16:37:07","slug":"patient-international","status":"publish","type":"page","link":"https:\/\/pasteurclinique.com\/en\/formulaires-patients\/patient-international\/","title":{"rendered":"Formulaire Patient International"},"content":{"rendered":"\t\t<div data-elementor-type=\"wp-page\" data-elementor-id=\"2077\" class=\"elementor elementor-2077 elementor-bc-flex-widget\" data-elementor-post-type=\"page\">\n\t\t\t\t\t\t<section class=\"elementor-section elementor-top-section elementor-element elementor-element-formintl1 elementor-section-full_width elementor-section-height-default elementor-section-height-default\" data-id=\"formintl1\" data-element_type=\"section\" data-e-type=\"section\">\n\t\t\t\t\t\t<div class=\"elementor-container elementor-column-gap-default\">\n\t\t\t\t\t<div class=\"elementor-column elementor-col-100 elementor-top-column elementor-element elementor-element-formintl1col\" data-id=\"formintl1col\" data-element_type=\"column\" data-e-type=\"column\">\n\t\t\t<div class=\"elementor-widget-wrap elementor-element-populated\">\n\t\t\t\t\t\t<div class=\"elementor-element elementor-element-formintl1hd elementor-widget elementor-widget-heading\" data-id=\"formintl1hd\" data-element_type=\"widget\" data-e-type=\"widget\" data-widget_type=\"heading.default\">\n\t\t\t\t<div class=\"elementor-widget-container\">\n\t\t\t\t\t<h2 class=\"elementor-heading-title elementor-size-default\">Demande de prise en charge \u2014 Patient International<\/h2>\t\t\t\t<\/div>\n\t\t\t\t<\/div>\n\t\t\t\t<div class=\"elementor-element elementor-element-formintl1txt elementor-widget elementor-widget-text-editor\" data-id=\"formintl1txt\" data-element_type=\"widget\" data-e-type=\"widget\" data-widget_type=\"text-editor.default\">\n\t\t\t\t<div class=\"elementor-widget-container\">\n\t\t\t\t\t\t\t\t\t<p>Bienvenue \u00e0 la Clinique Pasteur de Dakar. Remplissez le formulaire ci-dessous pour nous faire part de vos besoins m\u00e9dicaux. Notre \u00e9quipe vous recontactera dans les <strong>24 \u00e0 48 heures<\/strong> pour organiser votre prise en charge compl\u00e8te.<\/p><p><em>Welcome to Clinique Pasteur Dakar. Please fill out the form below to share your medical needs. Our team will contact you within <strong>24 to 48 hours<\/strong> to arrange your complete care.<\/em><\/p>\t\t\t\t\t\t\t\t<\/div>\n\t\t\t\t<\/div>\n\t\t\t\t<div class=\"elementor-element elementor-element-formintl1sc elementor-widget elementor-widget-shortcode\" data-id=\"formintl1sc\" data-element_type=\"widget\" data-e-type=\"widget\" data-widget_type=\"shortcode.default\">\n\t\t\t\t<div class=\"elementor-widget-container\">\n\t\t\t\t\t\t\t<div class=\"elementor-shortcode\">[formulaire_patient_international]<\/div>\n\t\t\t\t\t\t<\/div>\n\t\t\t\t<\/div>\n\t\t\t\t\t<\/div>\n\t\t<\/div>\n\t\t\t\t\t<\/div>\n\t\t<\/section>\n\t\t\t\t<\/div>\n\t\t","protected":false},"excerpt":{"rendered":"<p>Demande de prise en charge \u2014 Patient International \/ Medical Request \u2014 International Patient Bienvenue \u00e0 la Clinique Pasteur de Dakar. Remplissez le formulaire ci-dessous pour nous faire part de vos besoins m\u00e9dicaux. Notre \u00e9quipe vous recontactera dans les 24 \u00e0 48 heures pour organiser votre prise en charge compl\u00e8te. Welcome to Clinique Pasteur Dakar. [&hellip;]<\/p>\n","protected":false},"author":1,"featured_media":0,"parent":2076,"menu_order":0,"comment_status":"closed","ping_status":"closed","template":"","meta":{"_monsterinsights_skip_tracking":false,"_monsterinsights_sitenote_active":false,"_monsterinsights_sitenote_note":"","_monsterinsights_sitenote_category":0,"footnotes":""},"class_list":["post-2077","page","type-page","status-publish","hentry"],"yoast_head":"<!-- This site is optimized with the Yoast SEO plugin v27.3 - https:\/\/yoast.com\/product\/yoast-seo-wordpress\/ -->\n<title>Medical Concierge - International Patient | Clinique Pasteur Dakar<\/title>\n<meta name=\"description\" content=\"International medical concierge service in Dakar, Senegal. Complete assistance: medical care, accommodation, airport transfer. Register online at Clinique Pasteur.\" \/>\n<meta name=\"robots\" content=\"index, follow, max-snippet:-1, max-image-preview:large, max-video-preview:-1\" \/>\n<link rel=\"canonical\" href=\"https:\/\/pasteurclinique.com\/en\/formulaires-patients\/patient-international\/\" \/>\n<meta property=\"og:locale\" content=\"en_US\" \/>\n<meta property=\"og:type\" content=\"article\" \/>\n<meta property=\"og:title\" content=\"Medical Concierge - International Patient | Clinique Pasteur Dakar\" \/>\n<meta property=\"og:description\" content=\"International medical concierge service in Dakar, Senegal. Complete assistance: medical care, accommodation, airport transfer. Register online at Clinique Pasteur.\" \/>\n<meta property=\"og:url\" content=\"https:\/\/pasteurclinique.com\/en\/formulaires-patients\/patient-international\/\" \/>\n<meta property=\"og:site_name\" content=\"Clinique Pasteur\" \/>\n<meta property=\"article:modified_time\" content=\"2026-02-18T16:37:07+00:00\" \/>\n<meta name=\"twitter:card\" content=\"summary_large_image\" \/>\n<script type=\"application\/ld+json\" class=\"yoast-schema-graph\">{\"@context\":\"https:\\\/\\\/schema.org\",\"@graph\":[{\"@type\":\"WebPage\",\"@id\":\"https:\\\/\\\/pasteurclinique.com\\\/formulaires-patients\\\/patient-international\\\/\",\"url\":\"https:\\\/\\\/pasteurclinique.com\\\/formulaires-patients\\\/patient-international\\\/\",\"name\":\"Medical Concierge - International Patient | Clinique Pasteur Dakar\",\"isPartOf\":{\"@id\":\"https:\\\/\\\/pasteurclinique.com\\\/#website\"},\"datePublished\":\"2026-02-18T10:38:59+00:00\",\"dateModified\":\"2026-02-18T16:37:07+00:00\",\"description\":\"International medical concierge service in Dakar, Senegal. Complete assistance: medical care, accommodation, airport transfer. Register online at Clinique Pasteur.\",\"breadcrumb\":{\"@id\":\"https:\\\/\\\/pasteurclinique.com\\\/formulaires-patients\\\/patient-international\\\/#breadcrumb\"},\"inLanguage\":\"en-US\",\"potentialAction\":[{\"@type\":\"ReadAction\",\"target\":[\"https:\\\/\\\/pasteurclinique.com\\\/formulaires-patients\\\/patient-international\\\/\"]}]},{\"@type\":\"BreadcrumbList\",\"@id\":\"https:\\\/\\\/pasteurclinique.com\\\/formulaires-patients\\\/patient-international\\\/#breadcrumb\",\"itemListElement\":[{\"@type\":\"ListItem\",\"position\":1,\"name\":\"Accueil\",\"item\":\"https:\\\/\\\/pasteurclinique.com\\\/\"},{\"@type\":\"ListItem\",\"position\":2,\"name\":\"Formulaires Patients\",\"item\":\"https:\\\/\\\/pasteurclinique.com\\\/formulaires-patients\\\/\"},{\"@type\":\"ListItem\",\"position\":3,\"name\":\"Formulaire Patient International\"}]},{\"@type\":\"WebSite\",\"@id\":\"https:\\\/\\\/pasteurclinique.com\\\/#website\",\"url\":\"https:\\\/\\\/pasteurclinique.com\\\/\",\"name\":\"Clinique Pasteur\",\"description\":\"\",\"potentialAction\":[{\"@type\":\"SearchAction\",\"target\":{\"@type\":\"EntryPoint\",\"urlTemplate\":\"https:\\\/\\\/pasteurclinique.com\\\/?s={search_term_string}\"},\"query-input\":{\"@type\":\"PropertyValueSpecification\",\"valueRequired\":true,\"valueName\":\"search_term_string\"}}],\"inLanguage\":\"en-US\"}]}<\/script>\n<!-- \/ Yoast SEO plugin. -->","yoast_head_json":{"title":"Medical Concierge - International Patient | Clinique Pasteur Dakar","description":"International medical concierge service in Dakar, Senegal. Complete assistance: medical care, accommodation, airport transfer. Register online at Clinique Pasteur.","robots":{"index":"index","follow":"follow","max-snippet":"max-snippet:-1","max-image-preview":"max-image-preview:large","max-video-preview":"max-video-preview:-1"},"canonical":"https:\/\/pasteurclinique.com\/en\/formulaires-patients\/patient-international\/","og_locale":"en_US","og_type":"article","og_title":"Medical Concierge - International Patient | Clinique Pasteur Dakar","og_description":"International medical concierge service in Dakar, Senegal. Complete assistance: medical care, accommodation, airport transfer. Register online at Clinique Pasteur.","og_url":"https:\/\/pasteurclinique.com\/en\/formulaires-patients\/patient-international\/","og_site_name":"Clinique Pasteur","article_modified_time":"2026-02-18T16:37:07+00:00","twitter_card":"summary_large_image","schema":{"@context":"https:\/\/schema.org","@graph":[{"@type":"WebPage","@id":"https:\/\/pasteurclinique.com\/formulaires-patients\/patient-international\/","url":"https:\/\/pasteurclinique.com\/formulaires-patients\/patient-international\/","name":"Medical Concierge - International Patient | Clinique Pasteur Dakar","isPartOf":{"@id":"https:\/\/pasteurclinique.com\/#website"},"datePublished":"2026-02-18T10:38:59+00:00","dateModified":"2026-02-18T16:37:07+00:00","description":"International medical concierge service in Dakar, Senegal. Complete assistance: medical care, accommodation, airport transfer. Register online at Clinique Pasteur.","breadcrumb":{"@id":"https:\/\/pasteurclinique.com\/formulaires-patients\/patient-international\/#breadcrumb"},"inLanguage":"en-US","potentialAction":[{"@type":"ReadAction","target":["https:\/\/pasteurclinique.com\/formulaires-patients\/patient-international\/"]}]},{"@type":"BreadcrumbList","@id":"https:\/\/pasteurclinique.com\/formulaires-patients\/patient-international\/#breadcrumb","itemListElement":[{"@type":"ListItem","position":1,"name":"Accueil","item":"https:\/\/pasteurclinique.com\/"},{"@type":"ListItem","position":2,"name":"Formulaires Patients","item":"https:\/\/pasteurclinique.com\/formulaires-patients\/"},{"@type":"ListItem","position":3,"name":"Formulaire Patient International"}]},{"@type":"WebSite","@id":"https:\/\/pasteurclinique.com\/#website","url":"https:\/\/pasteurclinique.com\/","name":"Clinique Pasteur","description":"","potentialAction":[{"@type":"SearchAction","target":{"@type":"EntryPoint","urlTemplate":"https:\/\/pasteurclinique.com\/?s={search_term_string}"},"query-input":{"@type":"PropertyValueSpecification","valueRequired":true,"valueName":"search_term_string"}}],"inLanguage":"en-US"}]}},"_links":{"self":[{"href":"https:\/\/pasteurclinique.com\/en\/wp-json\/wp\/v2\/pages\/2077","targetHints":{"allow":["GET"]}}],"collection":[{"href":"https:\/\/pasteurclinique.com\/en\/wp-json\/wp\/v2\/pages"}],"about":[{"href":"https:\/\/pasteurclinique.com\/en\/wp-json\/wp\/v2\/types\/page"}],"author":[{"embeddable":true,"href":"https:\/\/pasteurclinique.com\/en\/wp-json\/wp\/v2\/users\/1"}],"replies":[{"embeddable":true,"href":"https:\/\/pasteurclinique.com\/en\/wp-json\/wp\/v2\/comments?post=2077"}],"version-history":[{"count":2,"href":"https:\/\/pasteurclinique.com\/en\/wp-json\/wp\/v2\/pages\/2077\/revisions"}],"predecessor-version":[{"id":2089,"href":"https:\/\/pasteurclinique.com\/en\/wp-json\/wp\/v2\/pages\/2077\/revisions\/2089"}],"up":[{"embeddable":true,"href":"https:\/\/pasteurclinique.com\/en\/wp-json\/wp\/v2\/pages\/2076"}],"wp:attachment":[{"href":"https:\/\/pasteurclinique.com\/en\/wp-json\/wp\/v2\/media?parent=2077"}],"curies":[{"name":"wp","href":"https:\/\/api.w.org\/{rel}","templated":true}]}}